{"id":2,"date":"2024-02-28T15:17:41","date_gmt":"2024-02-28T14:17:41","guid":{"rendered":"http:\/\/digitalacademypro.de\/?page_id=2"},"modified":"2024-03-05T17:42:24","modified_gmt":"2024-03-05T16:42:24","slug":"beispiel-seite","status":"publish","type":"page","link":"https:\/\/digitalacademypro.de\/","title":{"rendered":"Beispiel-Seite"},"content":{"rendered":"<h2 style=\"text-align: center;\"><strong>Wir bieten Fortbildungen <\/strong><strong>f\u00fcr eine Digitale Welt.<\/strong><\/h2>\n<p style=\"text-align: center;\">Entdecken Sie die Zukunft der Bildung: Digitale Kompetenzen f\u00fcr alle!<\/p>\n<p><span><img loading=\"lazy\" decoding=\"async\" alt=\"\" data-id=\"192\" width=\"106\" data-init-width=\"1400\" height=\"60\" data-init-height=\"788\" title=\"ai-icon\" loading=\"lazy\" src=\"\/\/digitalacademypro.de\/wp-content\/uploads\/2024\/03\/ai-icon.png\" data-width=\"106\" data-height=\"60\" style=\"aspect-ratio: auto 1400 \/ 788;\"><\/span><\/p>\n<p style=\"text-align: center;\"><strong>K\u00fcnstliche Intelligenz<\/strong><\/p>\n<p style=\"color: var(--tcb-skin-color-2) !important; --tcb-applied-color: var$(--tcb-skin-color-2) !important; text-align: center;\">Auf dem neuesten Stand sein.<\/p>\n<p><span><img loading=\"lazy\" decoding=\"async\" alt=\"\" data-id=\"193\" width=\"80\" data-init-width=\"1400\" height=\"45\" data-init-height=\"788\" title=\"productivity\" loading=\"lazy\" src=\"\/\/digitalacademypro.de\/wp-content\/uploads\/2024\/03\/productivity.png\" data-width=\"80\" data-height=\"45\" style=\"aspect-ratio: auto 1400 \/ 788;\"><\/span><\/p>\n<p style=\"text-align: center;\"><strong>Produktivit\u00e4t<\/strong><\/p>\n<p style=\"color: var(--tcb-skin-color-2) !important; --tcb-applied-color: var$(--tcb-skin-color-2) !important; text-align: center;\">h\u00f6herer Automationsgrad<\/p>\n<p><span><img loading=\"lazy\" decoding=\"async\" alt=\"\" data-id=\"194\" width=\"119\" data-init-width=\"1400\" height=\"67\" data-init-height=\"788\" title=\"marketing\" loading=\"lazy\" src=\"\/\/digitalacademypro.de\/wp-content\/uploads\/2024\/03\/marketing.png\" data-width=\"119\" data-height=\"67\" style=\"aspect-ratio: auto 1400 \/ 788;\"><\/span><\/p>\n<p style=\"text-align: center;\"><strong>Marketing<\/strong><\/p>\n<p style=\"color: var(--tcb-skin-color-2) !important; --tcb-applied-color: var$(--tcb-skin-color-2) !important; text-align: center;\">Ganzheilticher Ansatz<\/p>\n<p><span><img loading=\"lazy\" decoding=\"async\" alt=\"\" data-id=\"195\" width=\"122\" data-init-width=\"1400\" height=\"68\" data-init-height=\"788\" title=\"brain-mindset\" loading=\"lazy\" src=\"\/\/digitalacademypro.de\/wp-content\/uploads\/2024\/03\/brain-mindset.png\" data-width=\"122\" data-height=\"68\" style=\"aspect-ratio: auto 1400 \/ 788;\"><\/span><\/p>\n<p style=\"text-align: center;\"><strong>Mindset \/ EQ<\/strong><\/p>\n<p style=\"color: var(--tcb-skin-color-2) !important; --tcb-applied-color: var$(--tcb-skin-color-2) !important; text-align: center;\">Deine Einstellung ist wichtig.<\/p>\n<h5 style=\"text-align: center;\"><\/h5>\n<h5 style=\"text-align: center;\">Herausforderungen der digitalen Transformation<\/h5>\n<p>Das Einrichten und Erlernen eines Tech Stacks kann ewig dauern. Es gibt so viele verschiedene Ans\u00e4tze von selbsternannten Experten, wie man etwas im digitalen Bereich erstellen kann. Im Grunde kann man selbst<strong>Mangel an Vertrautheit mit Neuen Technologien<\/strong>: Viele in Ihrer Zielgruppe k\u00f6nnten sich von der rasanten Entwicklung neuer Technologien \u00fcberw\u00e4ltigt f\u00fchlen und unsicher sein, wo sie anfangen sollen.<strong><strong>Zeitliche Einschr\u00e4nkungen<\/strong>: <\/strong>Berufst\u00e4tige oder arbeitssuchende Menschen haben oft einen vollen Zeitplan, was es schwierig macht, Zeit f\u00fcr Fortbildungen zu finden.<strong><strong><strong>Unsicherheit \u00fcber den Nutzen<\/strong>: <\/strong><\/strong>Einige k\u00f6nnten sich unsicher sein, wie genau digitale Kompetenzen ihre Karrierechancen verbessern oder ihren Arbeitsalltag erleichtern k\u00f6nnen.<strong><strong><strong>Angst vor technischer Komplexit\u00e4t<\/strong>: <\/strong><\/strong>Vor allem Anf\u00e4nger k\u00f6nnten Angst davor haben, dass Kurse zu technisch oder zu schwierig zu verstehen sind.<strong><strong><strong>Finanzielle Beschr\u00e4nkungen<\/strong>: <\/strong><\/strong>Die Kosten f\u00fcr Fortbildungen k\u00f6nnen f\u00fcr einige ein Hindernis darstellen.<strong><strong><strong>Fehlende praktische Anwendung<\/strong>: <\/strong><\/strong>Es gibt Bedenken, dass das Gelernte nicht direkt in der Praxis umsetzbar ist oder nicht den aktuellen Anforderungen des Arbeitsmarktes entspricht.<\/p>\n<h3 style=\"color: var(--tcb-skin-color-2) !important; --tcb-applied-color: var$(--tcb-skin-color-2) !important;\">Wir leben in einer Digitalen Welt.<\/h3>\n<p>Durch die Digitalisierung in verschiedenen Lebensbereichen ist der Einfluss am deutlichsten am Arbeitsplatz zu sp\u00fcren. Digitale Zust\u00e4nde und F\u00e4higkeiten sind gefragter denn je.<\/p>\n<h3 style=\"\">Warum Digital Academy PRO?<\/h3>\n<p><strong>Umfangreiche Kursangebote:<\/strong> Von Grundlagen in der IT bis hin zu fortgeschrittenen Themen wie K\u00fcnstliche Intelligenz und Big Data \u2013 DigitalAcademy.Pro bietet ein breites Spektrum an Kursen, die auf verschiedene Kompetenzstufen und berufliche Bed\u00fcrfnisse zugeschnitten sind. Dies gew\u00e4hrleistet, dass jeder, unabh\u00e4ngig von seinem Vorwissen, einen Weg findet, seine F\u00e4higkeiten zu erweitern.<\/p>\n<p><strong>Flexibles Lernen:<\/strong> In der heutigen schnelllebigen Welt ist Flexibilit\u00e4t entscheidend. DigitalAcademy.Pro versteht das und bietet Kurse an, die sich leicht in den Alltag integrieren lassen. Ob Teilzeit, Vollzeit oder selbstgesteuertes Lernen, es gibt Optionen, die zu jedem Lebensstil passen.<\/p>\n<p><strong>Starke Community und Netzwerkm\u00f6glichkeiten:<\/strong> Als Teilnehmer bei DigitalAcademy.Pro werden Sie Teil einer dynamischen Gemeinschaft von Gleichgesinnten und Fachleuten. Diese Netzwerke bieten nicht nur Unterst\u00fctzung w\u00e4hrend des Lernprozesses, sondern er\u00f6ffnen auch berufliche M\u00f6glichkeiten und f\u00f6rdern den Austausch von Ideen.<\/p>\n<h3 style=\"text-align: center;\">Auswahl Marken bei denen wir Gelernt haben<\/h3>\n<p><span><img loading=\"lazy\" decoding=\"async\" alt=\"\" data-id=\"205\" width=\"159\" data-init-width=\"2048\" height=\"159\" data-init-height=\"2048\" title=\"1&amp;1_logo.svg\" loading=\"lazy\" src=\"\/\/digitalacademypro.de\/wp-content\/uploads\/2024\/03\/11_logo.svg.webp\" data-width=\"159\" data-height=\"159\" style=\"aspect-ratio: auto 2048 \/ 2048;\"><\/span><span><img loading=\"lazy\" decoding=\"async\" alt=\"\" data-id=\"208\" width=\"276\" data-init-width=\"1280\" height=\"61\" data-init-height=\"285\" title=\"YouTube_Logo_2017.svg\" loading=\"lazy\" src=\"\/\/digitalacademypro.de\/wp-content\/uploads\/2024\/03\/YouTube_Logo_2017.svg.png\" data-width=\"276\" data-height=\"61\" style=\"aspect-ratio: auto 1280 \/ 285;\"><\/span><span><img loading=\"lazy\" decoding=\"async\" alt=\"\" data-id=\"206\" width=\"159\" data-init-width=\"1200\" height=\"159\" data-init-height=\"1200\" title=\"1200px-Web.de_logo.svg\" loading=\"lazy\" src=\"\/\/digitalacademypro.de\/wp-content\/uploads\/2024\/03\/1200px-Web.de_logo.svg.png\" data-width=\"159\" data-height=\"159\" style=\"aspect-ratio: auto 1200 \/ 1200;\"><\/span><span style=\"\"><img loading=\"lazy\" decoding=\"async\" alt=\"\" data-id=\"207\" width=\"277\" data-init-width=\"2400\" height=\"93\" data-init-height=\"811\" title=\"google-logo-transparent\" loading=\"lazy\" src=\"\/\/digitalacademypro.de\/wp-content\/uploads\/2024\/03\/google-logo-transparent.png\" data-width=\"277\" data-height=\"93\" style=\"aspect-ratio: auto 2400 \/ 811;\" ml-d=\"-12.727000000000004\" mt-d=\"0\" ml-m=\"0\" mt-m=\"0\"><\/span><span><img loading=\"lazy\" decoding=\"async\" alt=\"\" data-id=\"210\" width=\"220\" data-init-width=\"2560\" height=\"69\" data-init-height=\"802\" title=\"2560px-GMX-Logo.svg\" loading=\"lazy\" src=\"\/\/digitalacademypro.de\/wp-content\/uploads\/2024\/03\/2560px-GMX-Logo.svg.png\" data-width=\"220\" data-height=\"69\" style=\"aspect-ratio: auto 2560 \/ 802;\"><\/span><\/p>\n<p><strong>Branchenf\u00fchrende Experten:<\/strong> Die Dozenten und Kursleiter bei DigitalAcademy.Pro sind anerkannte Experten in ihren Fachgebieten. Mit umfangreichem Wissen und realen Erfahrungen aus der Industrie bieten sie wertvolle Einblicke und Anleitung, die \u00fcber die traditionelle Theorie hinausgehen.<\/p>\n<p style=\"text-align: left;\">Ut enim ad minim veniam, quis nostrud exercitation ull amco laboris. Ut enim ad minim veniam, quis nostrud exer citation ullamco laboris en.&nbsp;<\/p>\n<p><span><img loading=\"lazy\" loading=\"lazy\" decoding=\"async\" alt=\"\" width=\"98\" height=\"98\" title=\"s7c_image2\" data-id=\"5940\" src=\"\/\/digitalacademypro.de\/wp-content\/uploads\/tcb_content_templates\/testimonial\/images\/s7c_image2.png\"><\/span><\/p>\n<p><strong><span style=\"color: rgb(2, 160, 161);\">Daniela M.<\/span><\/strong><\/p>\n<p>CEO of Incorp<\/p>\n<p style=\"text-align: left;\">Ut enim ad minim veniam, quis nostrud exercitation ull amco laboris. Ut enim ad minim veniam, quis nostrud exer citation ullamco laboris en.&nbsp;<\/p>\n<p><span style=\"width: 100%;\"><img loading=\"lazy\" loading=\"lazy\" decoding=\"async\" alt=\"\" width=\"98\" height=\"98\" title=\"s7c_image1\" data-id=\"6503\" src=\"\/\/digitalacademypro.de\/wp-content\/uploads\/tcb_content_templates\/testimonial\/images\/s7c_image1.png\" style=\"\"><\/span><\/p>\n<p><strong><span style=\"color: rgb(2, 160, 161);\">John Doe<\/span><\/strong><\/p>\n<p>CEO of Incorp<\/p>\n<p style=\"text-align: left;\">Ut enim ad minim veniam, quis nostrud exercitation ull amco laboris. Ut enim ad minim veniam, quis nostrud exer citation ullamco laboris en.&nbsp;<\/p>\n<p><span><img loading=\"lazy\" loading=\"lazy\" decoding=\"async\" alt=\"\" width=\"98\" height=\"98\" title=\"s7c_image2\" data-id=\"5940\" src=\"\/\/digitalacademypro.de\/wp-content\/uploads\/tcb_content_templates\/testimonial\/images\/s7c_image2.png\"><\/span><\/p>\n<p><strong><span style=\"color: rgb(2, 160, 161);\">Julia<\/span><\/strong><\/p>\n<p>CEO of Incorp<\/p>\n","protected":false},"excerpt":{"rendered":"<p>Wir bieten Fortbildungen f\u00fcr eine Digitale Welt. Entdecken Sie die Zukunft der Bildung: Digitale Kompetenzen f\u00fcr alle! K\u00fcnstliche Intelligenz Auf dem neuesten Stand sein. Produktivit\u00e4t h\u00f6herer Automationsgrad Marketing Ganzheilticher Ansatz Mindset \/ EQ Deine Einstellung ist wichtig. Herausforderungen der digitalen Transformation Das Einrichten und Erlernen eines Tech Stacks kann ewig dauern. Es gibt so viele [&hellip;]<\/p>\n","protected":false},"author":1,"featured_media":0,"parent":0,"menu_order":0,"comment_status":"closed","ping_status":"open","template":"","meta":{"om_disable_all_campaigns":false,"_monsterinsights_skip_tracking":false,"_monsterinsights_sitenote_active":false,"_monsterinsights_sitenote_note":"","_monsterinsights_sitenote_category":0,"footnotes":""},"class_list":["post-2","page","type-page","status-publish","hentry","post-wrapper","thrv_wrapper"],"aioseo_notices":[],"_links":{"self":[{"href":"https:\/\/digitalacademypro.de\/index.php\/wp-json\/wp\/v2\/pages\/2","targetHints":{"allow":["GET"]}}],"collection":[{"href":"https:\/\/digitalacademypro.de\/index.php\/wp-json\/wp\/v2\/pages"}],"about":[{"href":"https:\/\/digitalacademypro.de\/index.php\/wp-json\/wp\/v2\/types\/page"}],"author":[{"embeddable":true,"href":"https:\/\/digitalacademypro.de\/index.php\/wp-json\/wp\/v2\/users\/1"}],"replies":[{"embeddable":true,"href":"https:\/\/digitalacademypro.de\/index.php\/wp-json\/wp\/v2\/comments?post=2"}],"version-history":[{"count":43,"href":"https:\/\/digitalacademypro.de\/index.php\/wp-json\/wp\/v2\/pages\/2\/revisions"}],"predecessor-version":[{"id":237,"href":"https:\/\/digitalacademypro.de\/index.php\/wp-json\/wp\/v2\/pages\/2\/revisions\/237"}],"wp:attachment":[{"href":"https:\/\/digitalacademypro.de\/index.php\/wp-json\/wp\/v2\/media?parent=2"}],"curies":[{"name":"wp","href":"https:\/\/api.w.org\/{rel}","templated":true}]}}